{"id":44,"date":"2021-07-28T14:07:21","date_gmt":"2021-07-28T14:07:21","guid":{"rendered":"https:\/\/salonjunik.dk\/?page_id=44"},"modified":"2025-08-22T09:23:42","modified_gmt":"2025-08-22T09:23:42","slug":"44-2","status":"publish","type":"page","link":"https:\/\/salonjunik.dk\/index.php\/44-2\/","title":{"rendered":"Om Os"},"content":{"rendered":"<p>[et_pb_section fb_built=&#8221;1&#8243; custom_padding_last_edited=&#8221;off|tablet&#8221; admin_label=&#8221;Header&#8221; _builder_version=&#8221;4.16&#8243; use_background_color_gradient=&#8221;on&#8221; background_color_gradient_stops=&#8221;rgba(58,58,58,0.9) 0%|rgba(22,22,22,0.8) 100%&#8221; background_color_gradient_overlays_image=&#8221;on&#8221; background_color_gradient_start=&#8221;rgba(58,58,58,0.9)&#8221; background_color_gradient_end=&#8221;rgba(22,22,22,0.8)&#8221; background_image=&#8221;http:\/\/salonjunik.dk\/wp-content\/uploads\/2021\/08\/image0-1-1-scaled.jpeg&#8221; custom_padding=&#8221;5vw||5vw||true|false&#8221; top_divider_style=&#8221;arrow3&#8243; top_divider_color=&#8221;rgba(255,255,255,0.07)&#8221; top_divider_repeat=&#8221;4x&#8221; locked=&#8221;off&#8221; global_colors_info=&#8221;{}&#8221;][et_pb_row admin_label=&#8221;Row&#8221; _builder_version=&#8221;4.16&#8243; background_size=&#8221;initial&#8221; background_position=&#8221;top_left&#8221; background_repeat=&#8221;repeat&#8221; max_width=&#8221;none&#8221; global_colors_info=&#8221;{}&#8221;][et_pb_column type=&#8221;4_4&#8243; _builder_version=&#8221;4.16&#8243; custom_padding=&#8221;|||&#8221; global_colors_info=&#8221;{}&#8221; custom_padding__hover=&#8221;|||&#8221;][et_pb_image src=&#8221;http:\/\/salonjunik.dk\/wp-content\/uploads\/2021\/07\/barber-icon-8.png&#8221; align=&#8221;center&#8221; _builder_version=&#8221;4.16&#8243; locked=&#8221;off&#8221; global_colors_info=&#8221;{}&#8221;][\/et_pb_image][et_pb_text admin_label=&#8221;Text&#8221; _builder_version=&#8221;4.16&#8243; text_font=&#8221;||||||||&#8221; header_font=&#8221;Diplomata SC||||||||&#8221; header_text_align=&#8221;center&#8221; header_font_size=&#8221;5vw&#8221; header_2_font=&#8221;||||||||&#8221; background_layout=&#8221;dark&#8221; custom_margin=&#8221;||20px|&#8221; animation_style=&#8221;fade&#8221; header_font_size_tablet=&#8221;&#8221; header_font_size_phone=&#8221;&#8221; header_font_size_last_edited=&#8221;on|phone&#8221; header_text_shadow_style=&#8221;preset5&#8243; inline_fonts=&#8221;Acme&#8221; global_colors_info=&#8221;{}&#8221;]<\/p>\n<h1><span style=\"font-family: Acme;\">Holdet bag Salon Junik<\/span><\/h1>\n<p>[\/et_pb_text][\/et_pb_column][\/et_pb_row][\/et_pb_section][et_pb_section fb_built=&#8221;1&#8243; _builder_version=&#8221;4.16&#8243; _module_preset=&#8221;default&#8221; global_colors_info=&#8221;{}&#8221;][et_pb_row _builder_version=&#8221;4.16&#8243; _module_preset=&#8221;default&#8221; global_colors_info=&#8221;{}&#8221;][et_pb_column type=&#8221;4_4&#8243; _builder_version=&#8221;4.16&#8243; _module_preset=&#8221;default&#8221; global_colors_info=&#8221;{}&#8221;][et_pb_text _builder_version=&#8221;4.16&#8243; _module_preset=&#8221;default&#8221; global_colors_info=&#8221;{}&#8221;]<\/p>\n<h2 style=\"text-align: center;\">Velkommen til!<\/h2>\n<p style=\"text-align: center;\">Hos Junik vil du finde Maiken, som har den 4 \u00e5rige fris\u00f8rudannelse.<\/p>\n<p style=\"text-align: center;\">Jeg st\u00e5r klar til at tage imod dig som kunde, og give dig en god og positiv oplevelse<\/p>\n<p>[\/et_pb_text][\/et_pb_column][\/et_pb_row][\/et_pb_section][et_pb_section fb_built=&#8221;1&#8243; admin_label=&#8221;About&#8221; _builder_version=&#8221;4.16&#8243; background_size=&#8221;initial&#8221; background_repeat=&#8221;repeat&#8221; top_divider_style=&#8221;arrow3&#8243; top_divider_color=&#8221;rgba(244,242,239,0.64)&#8221; top_divider_height=&#8221;70%&#8221; top_divider_repeat=&#8221;4x&#8221; top_divider_height_tablet=&#8221;200px&#8221; top_divider_height_phone=&#8221;120px&#8221; top_divider_height_last_edited=&#8221;on|phone&#8221; bottom_divider_color=&#8221;rgba(255,255,255,0.7)&#8221; bottom_divider_height=&#8221;100%&#8221; bottom_divider_repeat=&#8221;2x&#8221; global_colors_info=&#8221;{}&#8221;][et_pb_row column_structure=&#8221;1_3,1_3,1_3&#8243; use_custom_gutter=&#8221;on&#8221; gutter_width=&#8221;2&#8243; make_equal=&#8221;on&#8221; admin_label=&#8221;Row&#8221; _builder_version=&#8221;4.16&#8243; custom_padding=&#8221;||51px|||&#8221; global_colors_info=&#8221;{}&#8221;][et_pb_column type=&#8221;1_3&#8243; _builder_version=&#8221;4.16&#8243; custom_padding=&#8221;|||&#8221; global_colors_info=&#8221;{}&#8221; custom_padding__hover=&#8221;|||&#8221;][et_pb_team_member name=&#8221;Maiken Jungdal&#8221; position=&#8221;Ejer&#8221; image_url=&#8221;http:\/\/salonjunik.dk\/wp-content\/uploads\/2021\/07\/Maiken.png&#8221; _builder_version=&#8221;4.16&#8243; _module_preset=&#8221;default&#8221; header_text_align=&#8221;center&#8221; body_text_align=&#8221;center&#8221; position_text_align=&#8221;center&#8221; body_link_text_align=&#8221;center&#8221; body_ul_text_align=&#8221;center&#8221; body_ol_text_align=&#8221;center&#8221; body_quote_text_align=&#8221;center&#8221; border_radii_image=&#8221;on|167px|167px|167px|167px&#8221; box_shadow_style_image=&#8221;preset1&#8243; ab_subject=&#8221;on&#8221; ab_subject_id=&#8221;2&#8243; ab_goal=&#8221;on&#8221; global_colors_info=&#8221;{}&#8221;][\/et_pb_team_member][\/et_pb_column][et_pb_column type=&#8221;1_3&#8243; _builder_version=&#8221;4.16&#8243; custom_padding=&#8221;|||&#8221; global_colors_info=&#8221;{}&#8221; custom_padding__hover=&#8221;|||&#8221;][et_pb_team_member name=&#8221;Maiken Jungdal&#8221; position=&#8221;Ejer&#8221; image_url=&#8221;http:\/\/salonjunik.dk\/wp-content\/uploads\/2025\/08\/6123D49C-506B-4A0F-BEBC-832A776D9846.png&#8221; _builder_version=&#8221;4.27.4&#8243; _module_preset=&#8221;default&#8221; header_text_align=&#8221;center&#8221; body_text_align=&#8221;center&#8221; position_text_align=&#8221;center&#8221; body_link_text_align=&#8221;center&#8221; body_ul_text_align=&#8221;center&#8221; body_ol_text_align=&#8221;center&#8221; body_quote_text_align=&#8221;center&#8221; hover_enabled=&#8221;0&#8243; border_radii_image=&#8221;on|167px|167px|167px|167px&#8221; box_shadow_style_image=&#8221;preset1&#8243; ab_subject=&#8221;on&#8221; ab_subject_id=&#8221;1&#8243; ab_goal=&#8221;on&#8221; global_colors_info=&#8221;{}&#8221; title_text=&#8221;6123D49C-506B-4A0F-BEBC-832A776D9846&#8243; sticky_enabled=&#8221;0&#8243;]<\/p>\n<p>Tlf: 22500056<\/p>\n<p>[\/et_pb_team_member][\/et_pb_column][et_pb_column type=&#8221;1_3&#8243; _builder_version=&#8221;4.16&#8243; custom_padding=&#8221;|||&#8221; global_colors_info=&#8221;{}&#8221; custom_padding__hover=&#8221;|||&#8221;][\/et_pb_column][\/et_pb_row][\/et_pb_section]<\/p>\n","protected":false},"excerpt":{"rendered":"<p>Holdet bag Salon JunikVelkommen til! Hos Junik vil du finde Maiken, som har den 4 \u00e5rige fris\u00f8rudannelse. Jeg st\u00e5r klar til at tage imod dig som kunde, og give dig en god og positiv oplevelseTlf: 22500056<\/p>\n","protected":false},"author":1,"featured_media":0,"parent":0,"menu_order":0,"comment_status":"closed","ping_status":"closed","template":"","meta":{"_et_pb_use_builder":"on","_et_pb_old_content":"","_et_gb_content_width":"","footnotes":""},"class_list":["post-44","page","type-page","status-publish","hentry"],"yoast_head":"<!-- This site is optimized with the Yoast SEO plugin v25.7 - https:\/\/yoast.com\/wordpress\/plugins\/seo\/ -->\n<title>Om Os - SalonJunik<\/title>\n<meta name=\"robots\" content=\"index, follow, max-snippet:-1, max-image-preview:large, max-video-preview:-1\" \/>\n<link rel=\"canonical\" href=\"https:\/\/salonjunik.dk\/index.php\/44-2\/\" \/>\n<meta property=\"og:locale\" content=\"da_DK\" \/>\n<meta property=\"og:type\" content=\"article\" \/>\n<meta property=\"og:title\" content=\"Om Os - SalonJunik\" \/>\n<meta property=\"og:description\" content=\"Holdet bag Salon JunikVelkommen til! Hos Junik vil du finde Maiken, som har den 4 \u00e5rige fris\u00f8rudannelse. Jeg st\u00e5r klar til at tage imod dig som kunde, og give dig en god og positiv oplevelseTlf: 22500056\" \/>\n<meta property=\"og:url\" content=\"https:\/\/salonjunik.dk\/index.php\/44-2\/\" \/>\n<meta property=\"og:site_name\" content=\"SalonJunik\" \/>\n<meta property=\"article:modified_time\" content=\"2025-08-22T09:23:42+00:00\" \/>\n<meta name=\"twitter:card\" content=\"summary_large_image\" \/>\n<meta name=\"twitter:label1\" content=\"Estimeret l\u00e6setid\" \/>\n\t<meta name=\"twitter:data1\" content=\"3 minutter\" \/>\n<script type=\"application\/ld+json\" class=\"yoast-schema-graph\">{\"@context\":\"https:\/\/schema.org\",\"@graph\":[{\"@type\":\"WebPage\",\"@id\":\"https:\/\/salonjunik.dk\/index.php\/44-2\/\",\"url\":\"https:\/\/salonjunik.dk\/index.php\/44-2\/\",\"name\":\"Om Os - SalonJunik\",\"isPartOf\":{\"@id\":\"https:\/\/salonjunik.dk\/#website\"},\"datePublished\":\"2021-07-28T14:07:21+00:00\",\"dateModified\":\"2025-08-22T09:23:42+00:00\",\"breadcrumb\":{\"@id\":\"https:\/\/salonjunik.dk\/index.php\/44-2\/#breadcrumb\"},\"inLanguage\":\"da-DK\",\"potentialAction\":[{\"@type\":\"ReadAction\",\"target\":[\"https:\/\/salonjunik.dk\/index.php\/44-2\/\"]}]},{\"@type\":\"BreadcrumbList\",\"@id\":\"https:\/\/salonjunik.dk\/index.php\/44-2\/#breadcrumb\",\"itemListElement\":[{\"@type\":\"ListItem\",\"position\":1,\"name\":\"Hjem\",\"item\":\"https:\/\/salonjunik.dk\/\"},{\"@type\":\"ListItem\",\"position\":2,\"name\":\"Om Os\"}]},{\"@type\":\"WebSite\",\"@id\":\"https:\/\/salonjunik.dk\/#website\",\"url\":\"https:\/\/salonjunik.dk\/\",\"name\":\"SalonJunik\",\"description\":\"\",\"potentialAction\":[{\"@type\":\"SearchAction\",\"target\":{\"@type\":\"EntryPoint\",\"urlTemplate\":\"https:\/\/salonjunik.dk\/?s={search_term_string}\"},\"query-input\":{\"@type\":\"PropertyValueSpecification\",\"valueRequired\":true,\"valueName\":\"search_term_string\"}}],\"inLanguage\":\"da-DK\"}]}<\/script>\n<!-- \/ Yoast SEO plugin. -->","yoast_head_json":{"title":"Om Os - SalonJunik","robots":{"index":"index","follow":"follow","max-snippet":"max-snippet:-1","max-image-preview":"max-image-preview:large","max-video-preview":"max-video-preview:-1"},"canonical":"https:\/\/salonjunik.dk\/index.php\/44-2\/","og_locale":"da_DK","og_type":"article","og_title":"Om Os - SalonJunik","og_description":"Holdet bag Salon JunikVelkommen til! Hos Junik vil du finde Maiken, som har den 4 \u00e5rige fris\u00f8rudannelse. Jeg st\u00e5r klar til at tage imod dig som kunde, og give dig en god og positiv oplevelseTlf: 22500056","og_url":"https:\/\/salonjunik.dk\/index.php\/44-2\/","og_site_name":"SalonJunik","article_modified_time":"2025-08-22T09:23:42+00:00","twitter_card":"summary_large_image","twitter_misc":{"Estimeret l\u00e6setid":"3 minutter"},"schema":{"@context":"https:\/\/schema.org","@graph":[{"@type":"WebPage","@id":"https:\/\/salonjunik.dk\/index.php\/44-2\/","url":"https:\/\/salonjunik.dk\/index.php\/44-2\/","name":"Om Os - SalonJunik","isPartOf":{"@id":"https:\/\/salonjunik.dk\/#website"},"datePublished":"2021-07-28T14:07:21+00:00","dateModified":"2025-08-22T09:23:42+00:00","breadcrumb":{"@id":"https:\/\/salonjunik.dk\/index.php\/44-2\/#breadcrumb"},"inLanguage":"da-DK","potentialAction":[{"@type":"ReadAction","target":["https:\/\/salonjunik.dk\/index.php\/44-2\/"]}]},{"@type":"BreadcrumbList","@id":"https:\/\/salonjunik.dk\/index.php\/44-2\/#breadcrumb","itemListElement":[{"@type":"ListItem","position":1,"name":"Hjem","item":"https:\/\/salonjunik.dk\/"},{"@type":"ListItem","position":2,"name":"Om Os"}]},{"@type":"WebSite","@id":"https:\/\/salonjunik.dk\/#website","url":"https:\/\/salonjunik.dk\/","name":"SalonJunik","description":"","potentialAction":[{"@type":"SearchAction","target":{"@type":"EntryPoint","urlTemplate":"https:\/\/salonjunik.dk\/?s={search_term_string}"},"query-input":{"@type":"PropertyValueSpecification","valueRequired":true,"valueName":"search_term_string"}}],"inLanguage":"da-DK"}]}},"_links":{"self":[{"href":"https:\/\/salonjunik.dk\/index.php\/wp-json\/wp\/v2\/pages\/44","targetHints":{"allow":["GET"]}}],"collection":[{"href":"https:\/\/salonjunik.dk\/index.php\/wp-json\/wp\/v2\/pages"}],"about":[{"href":"https:\/\/salonjunik.dk\/index.php\/wp-json\/wp\/v2\/types\/page"}],"author":[{"embeddable":true,"href":"https:\/\/salonjunik.dk\/index.php\/wp-json\/wp\/v2\/users\/1"}],"replies":[{"embeddable":true,"href":"https:\/\/salonjunik.dk\/index.php\/wp-json\/wp\/v2\/comments?post=44"}],"version-history":[{"count":8,"href":"https:\/\/salonjunik.dk\/index.php\/wp-json\/wp\/v2\/pages\/44\/revisions"}],"predecessor-version":[{"id":349,"href":"https:\/\/salonjunik.dk\/index.php\/wp-json\/wp\/v2\/pages\/44\/revisions\/349"}],"wp:attachment":[{"href":"https:\/\/salonjunik.dk\/index.php\/wp-json\/wp\/v2\/media?parent=44"}],"curies":[{"name":"wp","href":"https:\/\/api.w.org\/{rel}","templated":true}]}}